{"id":19,"date":"2016-07-12T11:21:31","date_gmt":"2016-07-12T10:21:31","guid":{"rendered":"http:\/\/regis-schlagdenhauffen.eu\/?page_id=19"},"modified":"2026-03-08T09:01:57","modified_gmt":"2026-03-08T08:01:57","slug":"enseignements","status":"publish","type":"page","link":"https:\/\/regis-schlagdenhauffen.eu\/?page_id=19","title":{"rendered":"Enseignements"},"content":{"rendered":"<h4 style=\"text-align: justify;\"><span style=\"color: #000000;\">Vous trouverez ci-dessous les intitul\u00e9s des s\u00e9minaires que je dispense depuis 2012 \u00e0 l&rsquo;EHESS ainsi que le d\u00e9tail, en cliquant sur \u00a0le lien du cours en question.<\/span><\/h4>\n<h4>S\u00e9minaires dispens\u00e9s \u00e0 l&rsquo;EHESS en 2025-26<\/h4>\n<ul>\n<li><a href=\"https:\/\/enseignements.ehess.fr\/2025-2026\/ue\/217\">Approches transversales de l&rsquo;\u00e9thique en sciences sociales : pratiques, transformations et questionnements<\/a><\/li>\n<li><a href=\"https:\/\/enseignements.ehess.fr\/2025-2026\/ue\/209\"><strong>Enqu\u00eate collective \u00ab \u00e0 la source \u00bb : archives, genre et sexualit\u00e9<\/strong><\/a><\/li>\n<li><a href=\"https:\/\/enseignements.ehess.fr\/2025-2026\/ue\/212\"><strong>Recherches sur les homosexualit\u00e9s &amp; \u00e9tudes LGBTI<\/strong><\/a><\/li>\n<\/ul>\n<h4>S\u00e9minaires dispens\u00e9s \u00e0 l&rsquo;EHESS en 2024-25<\/h4>\n<ul>\n<li><a href=\"https:\/\/enseignements.ehess.fr\/2024-2025\/ue\/203\">Approche transversale de l&rsquo;\u00e9thique en sciences sociales : pratiques, transformations et questionnements<\/a><\/li>\n<li><a href=\"https:\/\/enseignements.ehess.fr\/2024-2025\/ue\/206\"><strong>Enqu\u00eate collective \u00ab \u00e0 la source \u00bb : archives, genre et sexualit\u00e9<\/strong><\/a><\/li>\n<li><a href=\"https:\/\/enseignements.ehess.fr\/2024-2025\/ue\/204\"><strong>Recherches sur les homosexualit\u00e9s &amp; \u00e9tudes LGBTI<\/strong><\/a><\/li>\n<\/ul>\n<h4>S\u00e9minaires dispens\u00e9s \u00e0 l&rsquo;EHESS en 2023-24<\/h4>\n<ul>\n<li><a href=\"https:\/\/enseignements.ehess.fr\/2023-2024\/ue\/39\">Approche transversale de l&rsquo;\u00e9thique en sciences sociales : pratiques, transformations et questionnements<\/a><\/li>\n<li><a href=\"https:\/\/enseignements.ehess.fr\/2023-2024\/ue\/8\"><strong>OPP : enqu\u00eater sur les outrages publics \u00e0 la pudeur<\/strong><\/a><\/li>\n<li><a href=\"https:\/\/enseignements.ehess.fr\/2023-2024\/ue\/40\"><strong>PLAD \u2013 Transcription assist\u00e9e par reconnaissance optique : Transkribus<\/strong><\/a><\/li>\n<li><a href=\"https:\/\/enseignements.ehess.fr\/2023-2024\/ue\/5\"><strong>Recherches sur les homosexualit\u00e9s. \u00c9tudes LGBTI<\/strong><\/a><\/li>\n<\/ul>\n<h4>S\u00e9minaires dispens\u00e9s \u00e0 l&rsquo;EHESS en 2022-23<\/h4>\n<ul>\n<li><a href=\"https:\/\/enseignements.ehess.fr\/2022-2023\/ue\/198\">OPP \u2013 Une enqu\u00eate sur les outrages publics \u00e0 la pudeur<\/a><\/li>\n<li><a href=\"https:\/\/enseignements.ehess.fr\/2022-2023\/ue\/199\">Recherches sur les homosexualit\u00e9s (\u00e9tudes LGBTI)<\/a><\/li>\n<li><a href=\"https:\/\/enseignements.ehess.fr\/2022-2023\/ue\/201\">Transcription assist\u00e9e par reconnaissance optique \u2013 Transkribus<\/a><\/li>\n<\/ul>\n<h4>S\u00e9minaires dispens\u00e9s \u00e0 l&rsquo;EHESS en 2021-22<\/h4>\n<ul>\n<li><a href=\"https:\/\/enseignements.ehess.fr\/2021-2022\/ue\/68\">Enqu\u00eate collective sur la prise en compte et en charge des victimes de LGBTI-phobies<\/a><\/li>\n<li><a href=\"https:\/\/enseignements.ehess.fr\/2021-2022\/ue\/106\">Transcription assist\u00e9e par reconnaissance optique : Transkribus<\/a><\/li>\n<\/ul>\n<h4>S\u00e9minaires dispens\u00e9s \u00e0 l&rsquo;Universit\u00e9 Humboldt de Berlin en 2020-21<\/h4>\n<ul>\n<li><a href=\"https:\/\/regis-schlagdenhauffen.eu\/2020\/03\/projektseminar-die-erste-homosexuelle-bewegung-in-berlin\/\">The First homosexual movement and its Legacy (HU Berlin)<\/a><\/li>\n<\/ul>\n<h4>S\u00e9minaires dispens\u00e9s \u00e0 l&rsquo;EHESS en 2019-20<\/h4>\n<ul>\n<li class=\"statut3\"><a href=\"https:\/\/enseignements-2019.ehess.fr\/2019\/ue\/2527\/\/\">De l&rsquo;enqu\u00eate au m\u00e9moire<\/a>\u00a0(s\u00e9minaire ferm\u00e9)<span style=\"color: #000000;\">\u00a0<\/span><\/li>\n<li class=\"statut3\"><a href=\"https:\/\/enseignements-2019.ehess.fr\/2019\/ue\/3015\/\/\">OPP \u2013 Enqu\u00eate collective sur les outrages publics \u00e0 la pudeur<\/a><\/li>\n<li class=\"statut3\"><a href=\"https:\/\/enseignements-2019.ehess.fr\/2019\/ue\/3348\/\/\">Qu\u2019est-ce qu\u2019une enqu\u00eate sociologique ? 1.<\/a><\/li>\n<li class=\"statut3\"><a href=\"https:\/\/enseignements-2019.ehess.fr\/2019\/ue\/2525\/\/\"><span class=\"principal\">Transcription assist\u00e9e par reconnaissance optique &#8211; Transkribus<\/span><\/a><\/li>\n<\/ul>\n<h4>S\u00e9minaires dispens\u00e9s \u00e0 l&rsquo;EHESS en 2018-19<\/h4>\n<ul>\n<li class=\"statut3\"><a href=\"https:\/\/enseignements-2018.ehess.fr\/2018\/ue\/2527\/\/\"> De l&rsquo;enqu\u00eate au m\u00e9moire <\/a>(s\u00e9minaire ferm\u00e9)<span style=\"color: #000000;\">\u00a0<\/span><\/li>\n<li class=\"statut2\"><a href=\"https:\/\/enseignements-2018.ehess.fr\/2018\/ue\/3015\/\/\"> OPP \u2013 Enqu\u00eate collective sur les outrages publics \u00e0 la pudeur <\/a><\/li>\n<li class=\"statut3\"><a href=\"https:\/\/enseignements-2018.ehess.fr\/2018\/ue\/403\/\/\"> Qu\u2019est-ce qu\u2019une enqu\u00eate sociologique ? (M1)<\/a><\/li>\n<li class=\"statut3\"><a href=\"https:\/\/enseignements-2018.ehess.fr\/2018\/ue\/2525\/\/\"> <span class=\"principal\">Transcription assist\u00e9e par reconnaissance optique &#8211; Transkribus<\/span> <\/a><\/li>\n<li><a href=\"https:\/\/enseignements-2018.ehess.fr\/2018\/ue\/2703\/\/\">Transcription assist\u00e9e par reconnaissance optique (2) <\/a><\/li>\n<\/ul>\n<h4>S\u00e9minaires dispens\u00e9s \u00e0 l&rsquo;EHESS en 2017-18<\/h4>\n<ul>\n<li class=\"statut3\"><a href=\"https:\/\/enseignements-2017.ehess.fr\/2017\/ue\/1276\/\/\"> Aux sources de l\u2019intime <\/a><\/li>\n<li class=\"statut3\"><a href=\"https:\/\/enseignements-2017.ehess.fr\/2017\/ue\/1789\/\/\"> Masculinit\u00e9s et sant\u00e9 <\/a>(suspendu)<\/li>\n<li class=\"statut3\"><a href=\"https:\/\/enseignements-2017.ehess.fr\/2017\/ue\/403\/\/\"> Qu\u2019est-ce qu\u2019une enqu\u00eate sociologique ? <\/a>(M1)<\/li>\n<li class=\"statut3\"><a href=\"https:\/\/enseignements-2017.ehess.fr\/2017\/ue\/1146\/\/\"> <span class=\"principal\">Recherches sur les homosexualit\u00e9s (\u00e9tudes LGBTI)<\/span> \u00a0<\/a><\/li>\n<li><a href=\"https:\/\/enseignements-2017.ehess.fr\/2017\/ue\/2525\/\">Transcrire et valoriser les archives avec le logiciel \u00ab Transkribus \u00bb<\/a><\/li>\n<\/ul>\n<h4>S\u00e9minaires dispens\u00e9s \u00e0 l&rsquo;EHESS et \u00e0 la Sorbonne en 2016-17<\/h4>\n<ul>\n<li><span style=\"color: #3366ff;\"><a style=\"color: #3366ff;\" href=\"https:\/\/enseignements-2016.ehess.fr\/2016\/ue\/1280\/\/\">Analyser les donn\u00e9es biographiques : discours sur soi et parcours de vie<\/a><\/span><\/li>\n<li><span style=\"color: #3366ff;\"><a style=\"color: #3366ff;\" href=\"https:\/\/enseignements-2016.ehess.fr\/2016\/ue\/1276\/\/\">Aux sources de l\u2019intime<\/a><\/span><\/li>\n<li><span style=\"color: #3366ff;\"><a style=\"color: #3366ff;\" href=\"https:\/\/enseignements-2016.ehess.fr\/2016\/ue\/1136\/\/\">Genre et Europe<\/a><\/span><\/li>\n<li><span style=\"color: #3366ff;\"><a style=\"color: #3366ff;\" href=\"https:\/\/enseignements-2016.ehess.fr\/2016\/ue\/1789\/\/\">Masculinit\u00e9s et sant\u00e9<\/a><\/span><\/li>\n<li><span style=\"color: #3366ff;\"><a style=\"color: #3366ff;\" href=\"https:\/\/enseignements-2016.ehess.fr\/2016\/ue\/403\/\/\">Qu&rsquo;est-ce qu&rsquo;une enqu\u00eate sociologique ?<\/a> (M1)<\/span><\/li>\n<li><span style=\"color: #3366ff;\"><a style=\"color: #3366ff;\" href=\"https:\/\/enseignements-2016.ehess.fr\/2016\/ue\/1146\/\/\"><span class=\"principal\">Recherches sur les homosexualit\u00e9s<\/span><\/a><\/span><\/li>\n<li><a href=\"https:\/\/enseignements-2016.ehess.fr\/2016\/ue\/1953\/\/\">\u00c9pist\u00e9mologie de la sexualit\u00e9<\/a><\/li>\n<\/ul>\n<h4>S\u00e9minaires dispens\u00e9s \u00e0 l&rsquo;EHESS en 2015-16<\/h4>\n<ul>\n<li><span style=\"color: #3366ff;\"><a style=\"color: #3366ff;\" title=\"\" href=\"http:\/\/www.ehess.fr\/fr\/enseignement\/enseignements\/2015\/ue\/1136\/\">\u00ab Genre et Europe \u00bb : individus, institutions, \u00e9v\u00e9nements\u00a0<\/a><\/span><\/li>\n<li><span style=\"color: #3366ff;\"><a style=\"color: #3366ff;\" title=\"\" href=\"http:\/\/www.ehess.fr\/fr\/enseignement\/enseignements\/2015\/ue\/845\/\">Analyser les donn\u00e9es biographiques : discours sur soi et parcours de vie\u00a0<\/a><\/span><\/li>\n<li><span style=\"color: #3366ff;\"><a style=\"color: #3366ff;\" title=\"\" href=\"http:\/\/www.ehess.fr\/fr\/enseignement\/enseignements\/2015\/ue\/1146\/\">Penser les cat\u00e9gories sexuelles en sciences sociales<\/a><\/span><\/li>\n<\/ul>\n<h4>S\u00e9minaires dispens\u00e9s \u00e0 l&rsquo;EHESS en 2013-14<\/h4>\n<ul>\n<li><span style=\"color: #3366ff;\"><a style=\"color: #3366ff;\" href=\"http:\/\/enseignements-2013.ehess.fr\/2013\/ue\/629\/\">Comment parler de sexualit\u00e9 en entretien ?<\/a><\/span><\/li>\n<\/ul>\n<h4>S\u00e9minaires dispens\u00e9s \u00e0 l&rsquo;EHESS en 2012-13<\/h4>\n<ul>\n<li><span style=\"color: #3366ff;\"><a style=\"color: #3366ff;\" href=\"http:\/\/enseignements-2012.ehess.fr\/2012\/ue\/467\/\">Comment parler de sexualit\u00e9 en entretien ? S\u00e9minaire de m\u00e9thode sur l\u2019enqu\u00eate de terrain<\/a><\/span><\/li>\n<\/ul>\n<p>*****<\/p>\n<p><em>Le d\u00e9tail des enseignements que j&rsquo;ai dispens\u00e9s depuis 2004 figure dans mon CV.<\/em><\/p>\n<h4 style=\"text-align: justify;\"><span style=\"color: #000000;\"><img decoding=\"async\" loading=\"lazy\" class=\" wp-image-701 alignleft\" src=\"https:\/\/regis-schlagdenhauffen.eu\/wp-content\/uploads\/2018\/11\/Capture-d\u2019\u00e9cran-2018-11-10-\u00e0-23.10.40.png\" alt=\"\" width=\"297\" height=\"196\" srcset=\"https:\/\/regis-schlagdenhauffen.eu\/wp-content\/uploads\/2018\/11\/Capture-d\u2019\u00e9cran-2018-11-10-\u00e0-23.10.40.png 273w, https:\/\/regis-schlagdenhauffen.eu\/wp-content\/uploads\/2018\/11\/Capture-d\u2019\u00e9cran-2018-11-10-\u00e0-23.10.40-150x99.png 150w\" sizes=\"(max-width: 297px) 100vw, 297px\" \/><\/span><\/h4>\n","protected":false},"excerpt":{"rendered":"<p>Vous trouverez ci-dessous les intitul\u00e9s des s\u00e9minaires que je dispense depuis 2012 \u00e0 l&rsquo;EHESS ainsi que le d\u00e9tail, en cliquant sur \u00a0le lien du cours en question. S\u00e9minaires dispens\u00e9s \u00e0 l&rsquo;EHESS en 2025-26 Approches transversales de l&rsquo;\u00e9thique en sciences sociales : pratiques, transformations et questionnements Enqu\u00eate collective \u00ab \u00e0 la\u2026<\/p>\n<p class=\"continue-reading-button\"> <a class=\"continue-reading-link\" href=\"https:\/\/regis-schlagdenhauffen.eu\/?page_id=19\">Lire la suite&#8230;<i class=\"crycon-right-dir\"><\/i><\/a><\/p>\n","protected":false},"author":1,"featured_media":0,"parent":0,"menu_order":0,"comment_status":"closed","ping_status":"closed","template":"","meta":[],"_links":{"self":[{"href":"https:\/\/regis-schlagdenhauffen.eu\/index.php?rest_route=\/wp\/v2\/pages\/19"}],"collection":[{"href":"https:\/\/regis-schlagdenhauffen.eu\/index.php?rest_route=\/wp\/v2\/pages"}],"about":[{"href":"https:\/\/regis-schlagdenhauffen.eu\/index.php?rest_route=\/wp\/v2\/types\/page"}],"author":[{"embeddable":true,"href":"https:\/\/regis-schlagdenhauffen.eu\/index.php?rest_route=\/wp\/v2\/users\/1"}],"replies":[{"embeddable":true,"href":"https:\/\/regis-schlagdenhauffen.eu\/index.php?rest_route=%2Fwp%2Fv2%2Fcomments&post=19"}],"version-history":[{"count":29,"href":"https:\/\/regis-schlagdenhauffen.eu\/index.php?rest_route=\/wp\/v2\/pages\/19\/revisions"}],"predecessor-version":[{"id":1378,"href":"https:\/\/regis-schlagdenhauffen.eu\/index.php?rest_route=\/wp\/v2\/pages\/19\/revisions\/1378"}],"wp:attachment":[{"href":"https:\/\/regis-schlagdenhauffen.eu\/index.php?rest_route=%2Fwp%2Fv2%2Fmedia&parent=19"}],"curies":[{"name":"wp","href":"https:\/\/api.w.org\/{rel}","templated":true}]}}