{"id":2,"date":"2016-07-11T20:10:48","date_gmt":"2016-07-11T19:10:48","guid":{"rendered":"http:\/\/regis-schlagdenhauffen.eu\/?page_id=2"},"modified":"2023-11-18T15:25:32","modified_gmt":"2023-11-18T14:25:32","slug":"parcours","status":"publish","type":"page","link":"https:\/\/regis-schlagdenhauffen.eu\/?page_id=2","title":{"rendered":"Parcours"},"content":{"rendered":"\n<h4 class=\"has-text-align-left has-black-color has-text-color\">R\u00e9gis Schlagdenhauffen est sp\u00e9cialiste des questions de genre, de sexualit\u00e9 et d\u2019orientations sexuelles. Ces champs de comp\u00e9tences allient la sociologie du droit, de la m\u00e9moire collective, l\u2019\u00e9tude des politiques de la sexualit\u00e9 et des archives de l\u2019intime. Depuis 2015, il est ma\u00eetre de conf\u00e9rences titulaire de la Chaire de socio-histoire des cat\u00e9gories sexuelles \u00e0 l\u2019EHESS. Il conduit ses recherches au sein de l\u2019UMR Iris dont il est membre.<\/h4>\n\n\n\n<h4 class=\"has-black-color has-text-color\">Docteur en sociologie de l\u2019Universit\u00e9 de Strasbourg (2009) et en ethnologie europ\u00e9enne de l\u2019Universit\u00e9 Humboldt de Berlin (2011), il est titulaire d\u2019une habilitation \u00e0 diriger des recherches (HDR) d\u00e9cern\u00e9e par l\u2019Universit\u00e9 de Lorraine (2023).<\/h4>\n\n\n\n<h4 class=\"has-black-color has-text-color\">Ses premi\u00e8res recherches en sociologie de la m\u00e9moire collective ont port\u00e9 sur les m\u00e9moriaux en souvenir des victimes du nazisme et de l\u2019Holocauste. Suite \u00e0 cela, il s\u2019est engag\u00e9 dans une enqu\u00eate comparative sur les formes de la comm\u00e9moration des victimes homosexuelles du nazisme en Europe de l\u2019Ouest. Parall\u00e8lement, il a prolong\u00e9 ses recherches sur l\u2019intrication entre m\u00e9moire individuelle et collective \u00e0 travers l\u2019\u00e9tude de documents personnels &#8211; dont le journal intime du juriste et sexologue franco-allemand Eug\u00e8ne Wilhelm alias Numa Praetorius (1885-1951).<\/h4>\n\n\n\n<h4 class=\"has-black-color has-text-color\">Depuis quelques ann\u00e9es, il s\u2019int\u00e9resse \u00e0 la mani\u00e8re dont des institutions, des groupes sociaux et des individus cat\u00e9gorisent les pratiques, actes et identit\u00e9s sexuelles en accordant une importance particuli\u00e8re aux questions de judiciarisation du monde social.<\/h4>\n\n\n\n<h4 class=\"has-black-color has-text-color\">Actuellement il compte parmi les sp\u00e9cialistes des questions de r\u00e9pression de l\u2019homosexualit\u00e9, de r\u00e9parations et de reconnaissance des identit\u00e9s sexuelles. Ses recherches en cours portent notamment sur l\u2019impudeur et la mani\u00e8re dont les \u00c9tats occidentaux, en faisant appel au droit, encadrent la \u00ab&nbsp;libert\u00e9 sexuelle&nbsp;\u00bb et la diversit\u00e9 des identit\u00e9s de genre.<\/h4>\n\n\n\n<h2 class=\"has-black-color has-text-color\">&nbsp;About Dr. R\u00e9gis Schlagdenhauffen<\/h2>\n\n\n\n<h4 class=\"has-black-color has-text-color\">Associate Prof. <em>R\u00e9gis Schlagdenhauffen is a specialist in issues of gender, sexuality and sexual orientation. His fields of expertise combine the sociology of law, collective memory, the study of the politics of sexuality and archives of the intimate. Since 2015, he has held the Chair of Socio-History of Sexual Categories at EHESS and conducts his research within the UMR Iris, of which he is a member.<\/em><\/h4>\n\n\n\n<h4 class=\"has-black-color has-text-color\"><em>He holds a doctorate in sociology from the University of Strasbourg (2009) and in European ethnology from the Humboldt University of Berlin (2011), as well as an HDR from the University of Lorraine (2023).<\/em> <em>His initial research in the sociology of collective memory focused on memorials to the victims of Nazism and the Holocaust. He then embarked on a comparative study of the ways in which homosexual victims of Nazism are commemorated in Western Europe.<\/em><\/h4>\n\n\n\n<h4 class=\"has-black-color has-text-color\"><em>At the same time, he extended his research into the interplay between individual and collective memory through the study of personal documents &#8211; including the diary of the Franco-German lawyer and sexologist Eug\u00e8ne Wilhelm alias Numa Praetorius (1885-1951).For some years now, he has been interested in the way in which institutions, social groups and individuals categorise sexual practices, acts and identities, with particular emphasis on questions of the judicialisation of the social world.<\/em><\/h4>\n\n\n\n<h4 class=\"has-black-color has-text-color\"><em>He is currently one of the world&rsquo;s leading experts on the repression of homosexuality, reparations and the recognition of sexual identities. His current research focuses in particular on shamelessness and the way in which Western states use the law to regulate &lsquo;sexual freedom&rsquo; and the diversity of gender identities.<\/em><\/h4>\n\n\n\n<h4 class=\"has-black-color has-text-color\"><img decoding=\"async\" loading=\"lazy\" width=\"488\" height=\"325\" class=\" wp-image-56 alignleft\" src=\"https:\/\/regis-schlagdenhauffen.eu\/wp-content\/uploads\/2016\/07\/Archives-camp-de-concentration-300x200.jpg\" alt=\"Archives camp de concentration\" srcset=\"https:\/\/regis-schlagdenhauffen.eu\/wp-content\/uploads\/2016\/07\/Archives-camp-de-concentration-300x200.jpg 300w, https:\/\/regis-schlagdenhauffen.eu\/wp-content\/uploads\/2016\/07\/Archives-camp-de-concentration-768x512.jpg 768w, https:\/\/regis-schlagdenhauffen.eu\/wp-content\/uploads\/2016\/07\/Archives-camp-de-concentration.jpg 1024w, https:\/\/regis-schlagdenhauffen.eu\/wp-content\/uploads\/2016\/07\/Archives-camp-de-concentration-225x150.jpg 225w, https:\/\/regis-schlagdenhauffen.eu\/wp-content\/uploads\/2016\/07\/Archives-camp-de-concentration-150x100.jpg 150w\" sizes=\"(max-width: 488px) 100vw, 488px\" \/><strong><span style=\"color: #000000;\"> Afin de mieux comprendre le ph\u00e9nom\u00e8ne de judiciarisation du monde social, R\u00e9gis Schlagdenhauffen cherche \u00e0 saisir comment des collectifs d\u2019acteurs se sont empar\u00e9s de cat\u00e9gories sexuelles dont font usage la justice et la m\u00e9decine, comment ils les ont transform\u00e9es voire rejet\u00e9es. L\u2019attention grandissante \u00e0 la notion d\u2019\u00e9galit\u00e9 et les discussions qui s\u2019ensuivent, ancrent par cons\u00e9quent ses recherches au c\u0153ur d\u2019une sociologie politique historicis\u00e9e.<\/span><\/strong><\/h4>\n\n\n\n<hr class=\"wp-block-separator has-alpha-channel-opacity\"\/>\n\n\n\n<h4><span style=\"color: #000080;\"><strong><a href=\"https:\/\/regis-schlagdenhauffen.eu\/wp-content\/uploads\/2016\/07\/CV_Schlagdenhauffen_180317.pdf\">T\u00e9l\u00e9charger mon CV<\/a>&nbsp;<\/strong><\/span><\/h4>\n\n\n\n<h4><strong><a href=\"https:\/\/regis-schlagdenhauffen.eu\/wp-content\/uploads\/2018\/09\/CV-Europass-Schlagdenhauffen-EHESS-20180901-EN.pdf\">Upload my CV (Europass)<\/a><\/strong><\/h4>\n\n\n\n<hr class=\"wp-block-separator has-alpha-channel-opacity\"\/>\n\n\n\n<h3>Quelles sont les missions d\u2019un enseignant chercheur \u00e0 l\u2019EHESS ?<\/h3>\n\n\n\n<div class=\"page\" title=\"Page 1\">\n<div class=\"layoutArea\">\n<h4 class=\"column\"><span style=\"color: #000000;\">Selon&nbsp;le <a href=\"https:\/\/www.legifrance.gouv.fr\/affichTexte.do?cidTexte=JORFTEXT000000517781\">d\u00e9cret statutaire des directeurs d&rsquo;\u00e9tudes et des ma\u00eetres de conf\u00e9rences de l&rsquo;Ecole des hautes \u00e9tudes en sciences sociales<\/a>, nous sommes charg\u00e9s :<\/span><\/h4>\n<h4 style=\"text-align: justify;\"><em><span style=\"color: #000000;\">1\u00b0 d&rsquo;une <strong>mission de recherche<\/strong>, fondamentale et appliqu\u00e9e, dans le domaine des sciences sociales qui inclut \u00e9galement les rapports que les sciences sociales entretiennent avec les math\u00e9matiques et les sciences de la nature et de la vie ;<\/span><\/em><\/h4>\n<h4 style=\"text-align: justify;\"><em><span style=\"color: #000000;\">2\u00b0 d&rsquo;une <strong>mission d&rsquo;enseignement et de formation<\/strong> \u00e0 la recherche en sciences sociales, notamment par la pr\u00e9paration \u00e0 des dipl\u00f4mes propres et \u00e0 des dipl\u00f4mes nationaux de troisi\u00e8me cycle ; ils participent \u00e0 des jurys d&rsquo;examen et de concours en vue de d\u00e9livrer les titres et grades universitaires pour lesquels l&rsquo;\u00e9cole est habilit\u00e9e ;<\/span><\/em><\/h4>\n<h4 style=\"text-align: justify;\"><em><span style=\"color: #000000;\">3\u00b0 d&rsquo;une <strong>mission d&rsquo;accueil<\/strong> d&rsquo;enseignants et de chercheurs fran\u00e7ais et \u00e9trangers en sciences sociales et de diffusion de la culture et de l&rsquo;information scientifique et technique ;<\/span><\/em><\/h4>\n<h4 style=\"text-align: justify;\"><em><span style=\"color: #000000;\">4\u00b0 d&rsquo;une <strong>mission de collaboration<\/strong> permanente avec la communaut\u00e9 scientifique internationale et en particulier europ\u00e9enne, notamment pour le recueil ou la transmission de donn\u00e9es, l&rsquo;organisation de recherches coordonn\u00e9es et le progr\u00e8s des connaissances dans les sciences sociales.<\/span><\/em><\/h4>\n<\/div>\n<\/div>\n\n\n\n<h3 class=\"has-very-dark-gray-color has-text-color\"><strong>Affiliations<\/strong><\/h3>\n\n\n\n<div class=\"is-layout-flow wp-block-group\"><div class=\"wp-block-group__inner-container\">\n<p class=\"has-black-color has-text-color\"><strong>Chercheur titulaire au sein de l&rsquo;IRIS-EHESS, Institut de recherches interdisciplinaires sur les enjeux sociaux <\/strong><\/p>\n\n\n\n<p class=\"has-black-color has-text-color\"><strong>Chercheur associ\u00e9 au sein du Centre Georg Simmel, Recherches franco allemandes en sciences sociales<\/strong><\/p>\n\n\n\n<p class=\"has-black-color has-text-color\"><strong>Chercheur partenaire au sein du laboratoire en histoire des relations internationales contemporaines de la Sorbonne &#8211; Sirice<\/strong><\/p>\n<\/div><\/div>\n\n\n\n<h3>Adresse professionnelle<\/h3>\n\n\n\n<p class=\"has-very-dark-gray-color has-text-color\">IRIS &#8211; EHESS<br>B\u00e2timent Recherche Sud<br><strong>Campus Condorcet<\/strong><br>5, cours des Humanit\u00e9s<br>93322 Aubervilliers cedex &nbsp;<\/p>\n","protected":false},"excerpt":{"rendered":"<p>R\u00e9gis Schlagdenhauffen est sp\u00e9cialiste des questions de genre, de sexualit\u00e9 et d\u2019orientations sexuelles. Ces champs de comp\u00e9tences allient la sociologie du droit, de la m\u00e9moire collective, l\u2019\u00e9tude des politiques de la sexualit\u00e9 et des archives de l\u2019intime. Depuis 2015, il est ma\u00eetre de conf\u00e9rences titulaire de la Chaire de socio-histoire\u2026<\/p>\n<p class=\"continue-reading-button\"> <a class=\"continue-reading-link\" href=\"https:\/\/regis-schlagdenhauffen.eu\/?page_id=2\">Lire la suite&#8230;<i class=\"crycon-right-dir\"><\/i><\/a><\/p>\n","protected":false},"author":1,"featured_media":0,"parent":0,"menu_order":0,"comment_status":"closed","ping_status":"open","template":"","meta":[],"_links":{"self":[{"href":"https:\/\/regis-schlagdenhauffen.eu\/index.php?rest_route=\/wp\/v2\/pages\/2"}],"collection":[{"href":"https:\/\/regis-schlagdenhauffen.eu\/index.php?rest_route=\/wp\/v2\/pages"}],"about":[{"href":"https:\/\/regis-schlagdenhauffen.eu\/index.php?rest_route=\/wp\/v2\/types\/page"}],"author":[{"embeddable":true,"href":"https:\/\/regis-schlagdenhauffen.eu\/index.php?rest_route=\/wp\/v2\/users\/1"}],"replies":[{"embeddable":true,"href":"https:\/\/regis-schlagdenhauffen.eu\/index.php?rest_route=%2Fwp%2Fv2%2Fcomments&post=2"}],"version-history":[{"count":42,"href":"https:\/\/regis-schlagdenhauffen.eu\/index.php?rest_route=\/wp\/v2\/pages\/2\/revisions"}],"predecessor-version":[{"id":1195,"href":"https:\/\/regis-schlagdenhauffen.eu\/index.php?rest_route=\/wp\/v2\/pages\/2\/revisions\/1195"}],"wp:attachment":[{"href":"https:\/\/regis-schlagdenhauffen.eu\/index.php?rest_route=%2Fwp%2Fv2%2Fmedia&parent=2"}],"curies":[{"name":"wp","href":"https:\/\/api.w.org\/{rel}","templated":true}]}}