{"id":32,"date":"2016-07-12T13:11:06","date_gmt":"2016-07-12T12:11:06","guid":{"rendered":"http:\/\/regis-schlagdenhauffen.eu\/?page_id=32"},"modified":"2026-03-15T09:09:29","modified_gmt":"2026-03-15T08:09:29","slug":"activites","status":"publish","type":"page","link":"https:\/\/regis-schlagdenhauffen.eu\/?page_id=32","title":{"rendered":"Activit\u00e9s"},"content":{"rendered":"<p style=\"text-align: justify;\">\n<h4 style=\"text-align: justify;\"><span style=\"color: #000000;\">Ci-apr\u00e8s sont indiqu\u00e9es les personnes encadr\u00e9es en tant que post-doctorant-es et\/ou assistant-es de recherche<\/span><\/h4>\n<ol>\n<li>\n<h5><strong><em>Accueil de coll\u00e8gues internationaux\u00a0<\/em><\/strong><\/h5>\n<\/li>\n<\/ol>\n<ul>\n<li>Programme \u00ab\u00a0Prof. invit\u00e9-e de l&rsquo;EHESS\u00a0\u00bb : Melanie Heath (Mc Master Univ., 2021) ; Gwenola Ricordeau (Univ. de Californie, 2025).<\/li>\n<\/ul>\n<h5><strong><em>2. Accueil de projets post-doctoraux<\/em><\/strong><\/h5>\n<ul>\n<li>\u00ab\u00a0<a href=\"https:\/\/iris.ehess.fr\/index.php?6147\">Le temps des sexualit\u00e9s : socio-anthropologie des engagements sexuels et intimes des HSH seniors au regard du VIH<\/a>\u00a0\u00bb (CNRS\/Sidaction, 2025-27), avec Paul Rivest.<\/li>\n<li>\u00ab\u00a0<a href=\"https:\/\/iris.ehess.fr\/index.php?3737\">La cause homosexuelle dans les m\u00e9tiers d&rsquo;ordre<\/a>\u00a0\u00bb (Dilcrah, 2017\/18), avec J\u00e9r\u00e9mie Gauthier.<\/li>\n<\/ul>\n<h5><strong><em>3. Accueil de doctorant-es et \u00e9tudiant-es internationaux \u00a0<\/em><\/strong><\/h5>\n<ul>\n<li>Invit\u00e9-e laur\u00e9at-es : Ga\u00eblle Nydegger (Univ. de Gen\u00e8ve, 2025\/26)<\/li>\n<li>ERASMUS : Guillaume Schilter (Univ. de Lausanne, 2026) ; Maximilian Einhaus (2020)<\/li>\n<\/ul>\n<h5><strong><em>4. Accueil de stagiaires <\/em><\/strong><\/h5>\n<ul>\n<li><em>Stages <\/em>\u00ab\u00a0Assistant\u00b7e de recherche\u00a0\u00bb : Nilo Ranchy (ENS Chachan, 2023\/24) ; Lucie Rousselot (Universit\u00e9 Paris-Cit\u00e9, 2025\/26)<\/li>\n<li>Stages Humanit\u00e9s num\u00e9riques : Marie-Laurence Bonhomme (Ecole des Chartes, 2018) ; Ibtissem Dahbi (U. Paris 3, 2020\/21).<\/li>\n<\/ul>\n<hr \/>\n<p><em><span style=\"color: #000000;\">Pour mieux connaitre les institutions aupr\u00e8s desquelles j&rsquo;agis en tant qu&rsquo;<a style=\"color: #000000;\" href=\"https:\/\/regis-schlagdenhauffen.eu\/activites\/expertise-et-animation-scientifique\/\">expert<\/a>\u00a0ainsi que les travaux universitaires\u00a0que j&rsquo;ai le plaisir d&rsquo;encadrer individuellement en tant que <a style=\"color: #000000;\" href=\"https:\/\/regis-schlagdenhauffen.eu\/activites\/direction-de-memoires\/\">directeur de m\u00e9moire<\/a> tout comme des informations sur les colloques que j&rsquo;ai organis\u00e9 r\u00e9cemment (ou \u00e0 venir),\u00a0<\/span><strong>voir aussi :<\/strong><\/em><\/p>\n<ul>\n<li><a href=\"https:\/\/regis-schlagdenhauffen.eu\/?page_id=34\">Expertise et animation scientifique<\/a><\/li>\n<li><a href=\"https:\/\/regis-schlagdenhauffen.eu\/?page_id=78\">Direction de m\u00e9moire<\/a><\/li>\n<li><a href=\"https:\/\/regis-schlagdenhauffen.eu\/?page_id=6\">Colloques<\/a><\/li>\n<li><a href=\"https:\/\/regis-schlagdenhauffen.eu\/?page_id=2\">Retour \u00e0 la page d&rsquo;accueil<\/a><\/li>\n<\/ul>\n","protected":false},"excerpt":{"rendered":"<p>Ci-apr\u00e8s sont indiqu\u00e9es les personnes encadr\u00e9es en tant que post-doctorant-es et\/ou assistant-es de recherche Accueil de coll\u00e8gues internationaux\u00a0 Programme \u00ab\u00a0Prof. invit\u00e9-e de l&rsquo;EHESS\u00a0\u00bb : Melanie Heath (Mc Master Univ., 2021) ; Gwenola Ricordeau (Univ. de Californie, 2025). 2. Accueil de projets post-doctoraux \u00ab\u00a0Le temps des sexualit\u00e9s : socio-anthropologie des engagements\u2026<\/p>\n<p class=\"continue-reading-button\"> <a class=\"continue-reading-link\" href=\"https:\/\/regis-schlagdenhauffen.eu\/?page_id=32\">Lire la suite&#8230;<i class=\"crycon-right-dir\"><\/i><\/a><\/p>\n","protected":false},"author":1,"featured_media":0,"parent":0,"menu_order":0,"comment_status":"closed","ping_status":"closed","template":"","meta":[],"_links":{"self":[{"href":"https:\/\/regis-schlagdenhauffen.eu\/index.php?rest_route=\/wp\/v2\/pages\/32"}],"collection":[{"href":"https:\/\/regis-schlagdenhauffen.eu\/index.php?rest_route=\/wp\/v2\/pages"}],"about":[{"href":"https:\/\/regis-schlagdenhauffen.eu\/index.php?rest_route=\/wp\/v2\/types\/page"}],"author":[{"embeddable":true,"href":"https:\/\/regis-schlagdenhauffen.eu\/index.php?rest_route=\/wp\/v2\/users\/1"}],"replies":[{"embeddable":true,"href":"https:\/\/regis-schlagdenhauffen.eu\/index.php?rest_route=%2Fwp%2Fv2%2Fcomments&post=32"}],"version-history":[{"count":12,"href":"https:\/\/regis-schlagdenhauffen.eu\/index.php?rest_route=\/wp\/v2\/pages\/32\/revisions"}],"predecessor-version":[{"id":1394,"href":"https:\/\/regis-schlagdenhauffen.eu\/index.php?rest_route=\/wp\/v2\/pages\/32\/revisions\/1394"}],"wp:attachment":[{"href":"https:\/\/regis-schlagdenhauffen.eu\/index.php?rest_route=%2Fwp%2Fv2%2Fmedia&parent=32"}],"curies":[{"name":"wp","href":"https:\/\/api.w.org\/{rel}","templated":true}]}}