{"id":34,"date":"2016-07-12T13:12:17","date_gmt":"2016-07-12T12:12:17","guid":{"rendered":"http:\/\/regis-schlagdenhauffen.eu\/?page_id=34"},"modified":"2026-03-08T09:04:38","modified_gmt":"2026-03-08T08:04:38","slug":"expertise-et-animation-scientifique","status":"publish","type":"page","link":"https:\/\/regis-schlagdenhauffen.eu\/?page_id=34","title":{"rendered":"Expertise et animation scientifique"},"content":{"rendered":"<h4><span style=\"color: #000000;\">Dans le cadre de mes fonctions je suis sollicit\u00e9 en tant qu&rsquo;expert dans diff\u00e9rents domaines et aupr\u00e8s de multiples institutions dont :<\/span><\/h4>\n<h3><em><span style=\"color: #000000;\">Expertise:<\/span><\/em><\/h3>\n<ul>\n<li style=\"list-style-type: none;\">\n<ul>\n<li style=\"text-align: justify;\"><span style=\"color: #000000;\">European Research Council (ERC) <a href=\"https:\/\/ec.europa.eu\/programmes\/horizon2020\/\">Horizon 2020<\/a>, Fonds national de la recherche\u00a0scientifique (expertise de projets de recherche)<\/span><\/li>\n<li><span style=\"color: #000000;\"><a href=\"http:\/\/www.auschwitz.be\/index.php\/fr\/\">Fondation Auschwitz<\/a> (Bruxelles), <a href=\"http:\/\/www.mnemosyne.asso.fr\/mnemosyne\/\">Association Mn\u00e9mosyne<\/a> (Paris) : jury et expertise de m\u00e9moires (Master 2, Th\u00e8ses) dans le cadre de la remise du Prix annuel<\/span><\/li>\n<li><span style=\"color: #000000;\">Presses universitaires de Bordeaux &#8211; <a href=\"http:\/\/pub.u-bordeaux3.fr\">PUB,<\/a>\u00a0Editions de l&rsquo;EHESS (expertise de manuscrits), CNL, Revue <em>L&rsquo;Homme<\/em>.<\/span><\/li>\n<li><span style=\"color: #000000;\">Minist\u00e8re D\u00e9l\u00e9gu\u00e9 aux Personnes \u00c2g\u00e9es : expertise\u00a0dans le cadre de la r\u00e9daction du <a href=\"http:\/\/social-sante.gouv.fr\/IMG\/pdf\/Rapport_vieillissement_LGBT_et_PVVIH_-_version_definitive_-_27_11_2013.pdf\">rapport sur le vieillissement des personnes LGBT en France<\/a><\/span><\/li>\n<\/ul>\n<\/li>\n<\/ul>\n<ul>\n<li style=\"text-align: justify;\"><span style=\"color: #000000;\">Conseil de l\u2019Europe, Strasbourg, France, Division \u00ab M\u00e9moire de l\u2019Holocauste \u00bb : interventions aux s\u00e9minaires de formation des enseignants europ\u00e9ens et expertise sur la p\u00e9dagogie\u00a0de la m\u00e9moire des groupes de victimes du nazisme en Europe<\/span><\/li>\n<\/ul>\n<h3><em><span style=\"color: #000000;\">Activit\u00e9s scientifique\u00a0<\/span><\/em><\/h3>\n<ul>\n<li>Membre du <em>Comit\u00e9 de pilotage<\/em> du <a href=\"https:\/\/ciera.hypotheses.org\">Ciera<\/a> (2020-)<\/li>\n<li>Membre du <em>Conseil scientifique<\/em> de la <a href=\"https:\/\/www.dilcrah.fr\">Dilcrah<\/a> (2018 &#8211; 2023)<\/li>\n<li><span style=\"color: #000000;\">Membre du <em>Comit\u00e9 de r\u00e9daction<\/em> de la\u00a0<em><a style=\"color: #000000;\" href=\"http:\/\/www.revue-des-sciences-sociales.com\">Revue des sciences sociales<\/a> <\/em>(Depuis 2018)<\/span><\/li>\n<li><span style=\"color: #000000;\">Membre du <em>Comit\u00e9 scientifique<\/em> de la Maison des sciences de l&rsquo;Homme de Lorraine &#8211; <a href=\"http:\/\/www.msh-lorraine.fr\/actualites\/\">MSHL<\/a> (2016 &#8211; 2021)<\/span><\/li>\n<li>Membre du <em>Conseil scientifique<\/em> de la revue <a href=\"https:\/\/www.revue-glad.org\"><em>GLAD<\/em><\/a> (2016 -)<\/li>\n<li><span style=\"color: #000000;\">Membre du <em>Comit\u00e9 de lecture<\/em> des revues\u00a0<a href=\"https:\/\/clio.revues.org\"><em>Clio<\/em><\/a>\u00a0et\u00a0<em>Genre, Sexualit\u00e9 et Soci\u00e9t\u00e9<\/em>\u00a0(<a href=\"https:\/\/gss.revues.org\">GSS<\/a>) (2015 -)<\/span><\/li>\n<\/ul>\n<h3 style=\"text-align: justify;\"><em><span style=\"color: #000000;\">Activit\u00e9s p\u00e9dagogiques et institutionnelles\u00a0<\/span><\/em><\/h3>\n<ul>\n<li><span style=\"color: #000000;\">Direction du Master \u00ab\u00a0Genre et Sciences sociales\u00a0\u00bb de l&rsquo;EHESS (2025 &#8211; )<\/span><\/li>\n<li>Membre \u00e9lu du Conseil d&rsquo;administration du Campus Condorcet (2021 &#8211; 2025)<\/li>\n<li><span style=\"color: #000000;\">Direction adjointe du <a href=\"https:\/\/mastersociologie.hypotheses.org\">Master de sociologie de l&rsquo;EHESS<\/a>\u00a0(2018 &#8211; 2021)<\/span><\/li>\n<li><span style=\"color: #000000;\">Membre nomm\u00e9 de la <em>Commission de la scolarit\u00e9<\/em> de l&rsquo;EHESS (2018 &#8211; 2021)<\/span><\/li>\n<li><span style=\"color: #000000;\">Membre int\u00e9rimaire de la <em>Commission d&rsquo;action sociale<\/em> de l&rsquo;EHESS (2018)<\/span><\/li>\n<li>R\u00e9f\u00e9rent doctoral de l&rsquo;IRIS-EHESS et correspondant de la DEVE (2017)<\/li>\n<li><span style=\"color: #000000;\">Membre \u00e9lu du Comit\u00e9 technique de l&rsquo;EHESS (2017)<\/span><\/li>\n<li><span style=\"color: #000000;\">Membre du <a href=\"https:\/\/difference.hypotheses.org\"><em>Coll\u00e8ge doctoral franco-allemand<\/em><\/a> &#8211; EHESS &#8211; HU Berlin &#8211; TU Dresden (Depuis 2016)<\/span><\/li>\n<li><span style=\"color: #000000;\">Membre du <em>Conseil p\u00e9dagogique<\/em> des Masters de \u00ab\u00a0Sociologie\u00a0\u00bb et \u00ab\u00a0Etudes de Genre\u00a0\u00bb, EHESS (Depuis 2015)<\/span><\/li>\n<\/ul>\n","protected":false},"excerpt":{"rendered":"<p>Dans le cadre de mes fonctions je suis sollicit\u00e9 en tant qu&rsquo;expert dans diff\u00e9rents domaines et aupr\u00e8s de multiples institutions dont : Expertise: European Research Council (ERC) Horizon 2020, Fonds national de la recherche\u00a0scientifique (expertise de projets de recherche) Fondation Auschwitz (Bruxelles), Association Mn\u00e9mosyne (Paris) : jury et expertise de\u2026<\/p>\n<p class=\"continue-reading-button\"> <a class=\"continue-reading-link\" href=\"https:\/\/regis-schlagdenhauffen.eu\/?page_id=34\">Lire la suite&#8230;<i class=\"crycon-right-dir\"><\/i><\/a><\/p>\n","protected":false},"author":1,"featured_media":0,"parent":32,"menu_order":0,"comment_status":"closed","ping_status":"closed","template":"","meta":[],"_links":{"self":[{"href":"https:\/\/regis-schlagdenhauffen.eu\/index.php?rest_route=\/wp\/v2\/pages\/34"}],"collection":[{"href":"https:\/\/regis-schlagdenhauffen.eu\/index.php?rest_route=\/wp\/v2\/pages"}],"about":[{"href":"https:\/\/regis-schlagdenhauffen.eu\/index.php?rest_route=\/wp\/v2\/types\/page"}],"author":[{"embeddable":true,"href":"https:\/\/regis-schlagdenhauffen.eu\/index.php?rest_route=\/wp\/v2\/users\/1"}],"replies":[{"embeddable":true,"href":"https:\/\/regis-schlagdenhauffen.eu\/index.php?rest_route=%2Fwp%2Fv2%2Fcomments&post=34"}],"version-history":[{"count":22,"href":"https:\/\/regis-schlagdenhauffen.eu\/index.php?rest_route=\/wp\/v2\/pages\/34\/revisions"}],"predecessor-version":[{"id":1380,"href":"https:\/\/regis-schlagdenhauffen.eu\/index.php?rest_route=\/wp\/v2\/pages\/34\/revisions\/1380"}],"up":[{"embeddable":true,"href":"https:\/\/regis-schlagdenhauffen.eu\/index.php?rest_route=\/wp\/v2\/pages\/32"}],"wp:attachment":[{"href":"https:\/\/regis-schlagdenhauffen.eu\/index.php?rest_route=%2Fwp%2Fv2%2Fmedia&parent=34"}],"curies":[{"name":"wp","href":"https:\/\/api.w.org\/{rel}","templated":true}]}}