{"id":36,"date":"2016-07-12T13:13:54","date_gmt":"2016-07-12T12:13:54","guid":{"rendered":"http:\/\/regis-schlagdenhauffen.eu\/?page_id=36"},"modified":"2023-11-18T15:23:27","modified_gmt":"2023-11-18T14:23:27","slug":"publications","status":"publish","type":"page","link":"https:\/\/regis-schlagdenhauffen.eu\/?page_id=36","title":{"rendered":"Publications"},"content":{"rendered":"<h4 class=\"r\" style=\"text-align: justify;\">Dans cette rubrique vous trouverez toutes mes publications ainsi que les liens vers les livres et articles que j&rsquo;ai publi\u00e9s.<\/h4>\n<h4 style=\"text-align: justify;\"><span style=\"color: #000000;\">&#x2666; \u00a0La sous-rubrique \u00ab\u00a0livres\u00a0\u00bb comprend des ouvrages que j&rsquo;ai publi\u00e9s, dirig\u00e9s et auxquels j&rsquo;ai collabor\u00e9.<\/span><\/h4>\n<h4 style=\"text-align: justify;\"><span style=\"color: #000000;\">&#x2666; \u00a0La sous-rubrique \u00ab\u00a0articles\u00a0\u00bb comprend des articles publi\u00e9s dans des revues ainsi que les notices de dictionnaires et d&rsquo;encyclop\u00e9dies tout comme les compte-rendus d&rsquo;ouvrages (recensions) que j&rsquo;ai r\u00e9alis\u00e9s.<\/span><\/h4>\n<h4 style=\"text-align: justify;\"><span style=\"color: #000000;\">&#x2666;<\/span>L&rsquo;ensemble de mes publications en libre acc\u00e8s est disponible sur HAL-SHS\u00a0&gt;\u00a0<a href=\"https:\/\/cv.hal.science\/regis-schlagdenhauffen\">https:\/\/cv.hal.science\/regis-schlagdenhauffen<\/a><\/h4>\n<h1 class=\"r\" style=\"text-align: center;\"><\/h1>\n","protected":false},"excerpt":{"rendered":"<p>Dans cette rubrique vous trouverez toutes mes publications ainsi que les liens vers les livres et articles que j&rsquo;ai publi\u00e9s. &#x2666; \u00a0La sous-rubrique \u00ab\u00a0livres\u00a0\u00bb comprend des ouvrages que j&rsquo;ai publi\u00e9s, dirig\u00e9s et auxquels j&rsquo;ai collabor\u00e9. &#x2666; \u00a0La sous-rubrique \u00ab\u00a0articles\u00a0\u00bb comprend des articles publi\u00e9s dans des revues ainsi que les notices\u2026<\/p>\n<p class=\"continue-reading-button\"> <a class=\"continue-reading-link\" href=\"https:\/\/regis-schlagdenhauffen.eu\/?page_id=36\">Lire la suite&#8230;<i class=\"crycon-right-dir\"><\/i><\/a><\/p>\n","protected":false},"author":1,"featured_media":0,"parent":0,"menu_order":0,"comment_status":"closed","ping_status":"closed","template":"","meta":{"footnotes":""},"class_list":["post-36","page","type-page","status-publish","hentry"],"_links":{"self":[{"href":"https:\/\/regis-schlagdenhauffen.eu\/index.php?rest_route=\/wp\/v2\/pages\/36","targetHints":{"allow":["GET"]}}],"collection":[{"href":"https:\/\/regis-schlagdenhauffen.eu\/index.php?rest_route=\/wp\/v2\/pages"}],"about":[{"href":"https:\/\/regis-schlagdenhauffen.eu\/index.php?rest_route=\/wp\/v2\/types\/page"}],"author":[{"embeddable":true,"href":"https:\/\/regis-schlagdenhauffen.eu\/index.php?rest_route=\/wp\/v2\/users\/1"}],"replies":[{"embeddable":true,"href":"https:\/\/regis-schlagdenhauffen.eu\/index.php?rest_route=%2Fwp%2Fv2%2Fcomments&post=36"}],"version-history":[{"count":7,"href":"https:\/\/regis-schlagdenhauffen.eu\/index.php?rest_route=\/wp\/v2\/pages\/36\/revisions"}],"predecessor-version":[{"id":1193,"href":"https:\/\/regis-schlagdenhauffen.eu\/index.php?rest_route=\/wp\/v2\/pages\/36\/revisions\/1193"}],"wp:attachment":[{"href":"https:\/\/regis-schlagdenhauffen.eu\/index.php?rest_route=%2Fwp%2Fv2%2Fmedia&parent=36"}],"curies":[{"name":"wp","href":"https:\/\/api.w.org\/{rel}","templated":true}]}}