{"id":6,"date":"2016-07-12T10:52:33","date_gmt":"2016-07-12T09:52:33","guid":{"rendered":"http:\/\/regis-schlagdenhauffen.eu\/?page_id=6"},"modified":"2019-01-22T09:42:16","modified_gmt":"2019-01-22T08:42:16","slug":"colloques","status":"publish","type":"page","link":"https:\/\/regis-schlagdenhauffen.eu\/?page_id=6","title":{"rendered":"Colloques"},"content":{"rendered":"<h4 class=\"r\" style=\"text-align: justify;\">Sur cette page vous trouverez des liens et les programmes des colloques que j&rsquo;ai organis\u00e9s. Les actes de certains colloques ont \u00e9t\u00e9 \u00e9dit\u00e9s\u00a0et les d\u00e9tails sont disponibles dans le rubrique \u00ab\u00a0Publications\u00a0\u00bb.<\/h4>\n<h4 style=\"text-align: justify;\"><span style=\"color: #000000;\">&#x2666; \u00a0<\/span><span style=\"color: #000000;\">\u00ab <a href=\"https:\/\/regis-schlagdenhauffen.eu\/2019\/01\/journee-detudes-police-justice-et-homosexualites\/\">Police, justice et homosexualit\u00e9s &#8211; Regards historiques, sociologiques et comparatifs<\/a>\u00a0<\/span><span style=\"color: #000000;\">\u00bb, 15 f\u00e9vrier 2019, EHESS.<\/span><\/h4>\n<h4 style=\"text-align: justify;\"><span style=\"color: #000000;\">&#x2666;\u00a0<\/span><span style=\"color: #000000;\">\u00ab <em><a href=\"https:\/\/www.meshs.fr\/page\/discipliner_le_sexuel\">Discipliner le sexuel<\/a><\/em>\u00a0<\/span><span style=\"color: #000000;\">\u00bb, (avec <a href=\"http:\/\/ricordeau.over-blog.com\">Gwenola Ricordeau<\/a>) MESHS-Lille, Juin 2017.<\/span><\/h4>\n<h4 style=\"text-align: justify;\"><span style=\"color: #000000;\">&#x2666;<\/span><span style=\"color: #000000;\">\u00ab <a href=\"https:\/\/www.ehess.fr\/fr\/colloque\/sciences-humaines-et-sociales-face-foisonnement-biographique-innovations-m\u00e9thodologiques-et\"><em>Les sciences humaines et sociales face au foisonnement biographique<\/em><\/a>\u00a0\u00a0\u00bb (avec L.\u00a0Arnault, E.\u00a0Dion, V.\u00a0Duprat-Kushtanina, E.\u00a0Lagier, E.\u00a0Pape, C.\u00a0Perrin-Joly, J.\u00a0Pl\u00e9, P.\u00a0Robin, B.\u00a0Savinel), EHESS, Paris, Mars 2016.<\/span><\/h4>\n<h4 style=\"text-align: justify;\"><span style=\"color: #000000;\">&#x2666; \u00a0<\/span><span style=\"color: #000000;\">\u00ab <a href=\"http:\/\/institut-du-genre.fr\/fr\/actualites-du-reseau\/colloques-et-journees-d-etudes\/article\/etre-homosexuel-le-en-europe-au\"><em>\u00catre homosexuel.le en Europe au temps de la Seconde Guerre mondiale<\/em>\u00a0<\/a>\u00bb, CNRS, Paris, Mars 2015.<\/span><\/h4>\n<h4 style=\"text-align: justify;\"><span style=\"color: #000000;\">&#x2666; \u00a0<\/span><span style=\"color: #000000;\">\u00ab <em>Sexualit\u00e9s et Enfermements<\/em> \u00bb (avec G. Ricordeau), Universit\u00e9 de Lille 1, D\u00e9cembre 2014.<\/span><\/h4>\n<h4 style=\"text-align: justify;\"><span style=\"color: #000000;\">&#x2666; \u00a0<\/span><span style=\"color: #000000;\">\u00ab <em>Femmes, Genre et Informatique<\/em> \u00bb (avec D. Diaz &amp; V. Schafer), ISSC, Paris, Mai 2014.<\/span><\/h4>\n<h4 style=\"text-align: justify;\"><span style=\"color: #000000;\">&#x2666; \u00a0<\/span><span style=\"color: #000000;\">\u00ab <em>Pour une histoire genr\u00e9e de l\u2019Europe<\/em> \u00bb (avec F. Virgili, F. Th\u00e9baut, Y. Ripa, A.-L. Briatte-Peters, A.Jossin &amp; D. Diaz), Institut historique allemand, Paris, Juin 2013.<\/span><\/h4>\n<h4 style=\"text-align: justify;\"><span style=\"color: #000000;\">&#x2666; \u00a0<\/span><span style=\"color: #000000;\">\u00ab <em>Vom Gegner lernen \u00bb: Workshop international sur les transferts de connaissances en situation de<\/em><em>guerre\u00a0<\/em>\u00bb (avec A. Denoyer, M. Cerovic &amp; S. Schifferdecker), Centre Marc Bloch, Berlin, Juin 2011.<\/span><\/h4>\n<h4 style=\"text-align: justify;\"><span style=\"color: #000000;\">&#x2666; \u00a0<\/span><span style=\"color: #000000;\">\u00ab <em>Les violences d\u2019extr\u00eame droite en Europe<\/em> \u00bb, Journ\u00e9e d\u2019\u00e9tude \u00ab Chaire Gutenberg \u00bb, Maison desSciences de l\u2019Homme Alsace (MISHA), Strasbourg, Juin 2010.<\/span><\/h4>\n<h4 style=\"text-align: justify;\"><span style=\"color: #000000;\">&#x2666; \u00a0<\/span><span style=\"color: #000000;\">\u00ab <em>14e Workshop sur l\u2019histoire des camps de concentration<\/em> \u00bb (avec A. Ehresmann, P. Neumann &amp; A.Prenninger), Hambourg, Nov. 2007.<\/span><\/h4>\n<h3><\/h3>\n<h3>Membre du comit\u00e9 scientifique des colloques :<\/h3>\n<ul>\n<li>2019 : <a href=\"https:\/\/stonewallat50.sciencesconf.org\">Stonewall, 50 ans apr\u00e8s. H\u00e9ritages et constructions m\u00e9morielles<\/a><\/li>\n<li>2018 : <a href=\"http:\/\/labex-ehne.fr\/2018\/01\/16\/appel-a-communication-workshop-quest-quun-homme-chretien\/\">Qu&rsquo;est ce qu&rsquo;un homme chr\u00e9tien ? Masculinit\u00e9s et engagement en Europe (XIXe-XXIe S.)<\/a><\/li>\n<li>2017 : <a href=\"http:\/\/www.cercec.fr\/masculinit\u00e9s-socialistes.-les-hommes-en-europe-de-l\u2019est-\u2013-rupture.html\">Masculinit\u00e9s socialistes. Les hommes en Europe de l&rsquo;Est<\/a>\u00a0(EHESS)<\/li>\n<li>2015 : <a href=\"http:\/\/calenda.org\/312896\">Le genre de l&rsquo;int\u00e9gration europ\u00e9enne<\/a><\/li>\n<\/ul>\n","protected":false},"excerpt":{"rendered":"<p>Sur cette page vous trouverez des liens et les programmes des colloques que j&rsquo;ai organis\u00e9s. Les actes de certains colloques ont \u00e9t\u00e9 \u00e9dit\u00e9s\u00a0et les d\u00e9tails sont disponibles dans le rubrique \u00ab\u00a0Publications\u00a0\u00bb. &#x2666; \u00a0\u00ab Police, justice et homosexualit\u00e9s &#8211; Regards historiques, sociologiques et comparatifs\u00a0\u00bb, 15 f\u00e9vrier 2019, EHESS. &#x2666;\u00a0\u00ab Discipliner le\u2026<\/p>\n<p class=\"continue-reading-button\"> <a class=\"continue-reading-link\" href=\"https:\/\/regis-schlagdenhauffen.eu\/?page_id=6\">Lire la suite&#8230;<i class=\"crycon-right-dir\"><\/i><\/a><\/p>\n","protected":false},"author":1,"featured_media":0,"parent":32,"menu_order":0,"comment_status":"closed","ping_status":"closed","template":"","meta":[],"_links":{"self":[{"href":"https:\/\/regis-schlagdenhauffen.eu\/index.php?rest_route=\/wp\/v2\/pages\/6"}],"collection":[{"href":"https:\/\/regis-schlagdenhauffen.eu\/index.php?rest_route=\/wp\/v2\/pages"}],"about":[{"href":"https:\/\/regis-schlagdenhauffen.eu\/index.php?rest_route=\/wp\/v2\/types\/page"}],"author":[{"embeddable":true,"href":"https:\/\/regis-schlagdenhauffen.eu\/index.php?rest_route=\/wp\/v2\/users\/1"}],"replies":[{"embeddable":true,"href":"https:\/\/regis-schlagdenhauffen.eu\/index.php?rest_route=%2Fwp%2Fv2%2Fcomments&post=6"}],"version-history":[{"count":13,"href":"https:\/\/regis-schlagdenhauffen.eu\/index.php?rest_route=\/wp\/v2\/pages\/6\/revisions"}],"predecessor-version":[{"id":738,"href":"https:\/\/regis-schlagdenhauffen.eu\/index.php?rest_route=\/wp\/v2\/pages\/6\/revisions\/738"}],"up":[{"embeddable":true,"href":"https:\/\/regis-schlagdenhauffen.eu\/index.php?rest_route=\/wp\/v2\/pages\/32"}],"wp:attachment":[{"href":"https:\/\/regis-schlagdenhauffen.eu\/index.php?rest_route=%2Fwp%2Fv2%2Fmedia&parent=6"}],"curies":[{"name":"wp","href":"https:\/\/api.w.org\/{rel}","templated":true}]}}