{"id":78,"date":"2016-07-24T17:08:15","date_gmt":"2016-07-24T16:08:15","guid":{"rendered":"http:\/\/regis-schlagdenhauffen.eu\/?page_id=78"},"modified":"2026-04-04T19:07:58","modified_gmt":"2026-04-04T18:07:58","slug":"direction-de-memoires","status":"publish","type":"page","link":"https:\/\/regis-schlagdenhauffen.eu\/?page_id=78","title":{"rendered":"Direction de th\u00e8ses et m\u00e9moires"},"content":{"rendered":"<h4 style=\"text-align: justify;\"><span style=\"color: #000000;\">J&rsquo;encadre des post-docs, th\u00e8ses de doctorat ainsi que des m\u00e9moires de Master et Dipl\u00f4mes de l&rsquo;EHESS dans les mentions suivantes : sociologie, histoire, genre. Les travaux que j&rsquo;encadre sont g\u00e9n\u00e9ralement en lien avec mes int\u00e9r\u00eats scientifiques (sexualit\u00e9 : homosexualit\u00e9, h\u00e9t\u00e9rosexualit\u00e9, intersexualit\u00e9, mouvement LGBTI ; histoire et m\u00e9moire collective de l&rsquo;univers concentrationnaire, de la D\u00e9portation, de l&rsquo;Holocauste, de l&rsquo;Alsace et de la Seconde Guerre mondiale). <\/span><\/h4>\n<h4 style=\"text-align: left;\"><strong><span style=\"color: #000000;\">J&rsquo;ai des suggestions de sujet de m\u00e9moire \u00e0 proposer pour les \u00e9tudiant\u00b7es souhaitant travailler sous ma direction !\u00a0<\/span><\/strong><\/h4>\n<h2><span style=\"color: #000000;\"><strong>M\u00e9moires encadr\u00e9s<\/strong> (selon l&rsquo;ann\u00e9e d&rsquo;inscription)<\/span><\/h2>\n<h4>2025-26<\/h4>\n<ul>\n<li>Mathis Edeline (M2): La transmission de la m\u00e9moire traumatique des ann\u00e9es sida au sein de la communaut\u00e9 LGBT+<\/li>\n<li><span style=\"font-weight: 400;\">Carla Lainez (D3) : Ethnographier le travail sexuel en contexte<\/span><\/li>\n<li>Iris Millard Albacete (M1) : La colocation comme espace de construction politique et identitaire<\/li>\n<li>Maxime Ribot (M2): Sociologie de la solitude<\/li>\n<li><span style=\"font-weight: 400;\">Laurence Rudeau (D3) : Histoire des Maisons de tol\u00e9rance et prostitution en Seine et Marne au XIXe si\u00e8cle<\/span><\/li>\n<li>Emma Rust-Remoriquet (M2) : Mettre en valeur sa masculinit\u00e9 sur les r\u00e9seaux sociaux<\/li>\n<\/ul>\n<h4>2024-25<\/h4>\n<ul>\n<li>Mathis Edeline (M1): La transmission de la m\u00e9moire traumatique des ann\u00e9es sida au sein de la communaut\u00e9 LGBT+<\/li>\n<li>Lila Evrard (M2) : \u00catre une jeune-fille \u00e0 l\u2019asile \u00e0 la crois\u00e9e d\u2019assignations institutionnelles et d\u2019exp\u00e9riences diff\u00e9renci\u00e9es d\u2019agency<\/li>\n<li>Claire Jeandidier (M2) : Les amiti\u00e9s de jeunes filles au pensionnat (France, XIXe &#8211; XXe si\u00e8cles)<\/li>\n<li><span style=\"font-weight: 400;\">Carla Lainez (D2) : Ethnographier le travail sexuel en contexte<\/span><\/li>\n<li>Amy Lewis (M1) : Approches politiques contemporaines de la traite des \u00eatres humains \u00e0 des fins d&rsquo;exploitation<\/li>\n<li><span style=\"font-weight: 400;\">Alysa Maksimova (M2) : Sociologie des communaut\u00e9s poly-amoureuses<\/span><\/li>\n<li>Vanda Peixoto-Charles (M2) : Etre \u00e9coutante: une profession \u00e0 part enti\u00e8re ?<\/li>\n<li>Maxime Ribot (M1): Sociologie de la solitude<\/li>\n<li><span style=\"font-weight: 400;\">Laurence Rudeau (D2) : Histoire des Maisons de tol\u00e9rance et prostitution en Seine et Marne au XIXe si\u00e8cle<\/span><\/li>\n<\/ul>\n<h4><strong>2023-24<\/strong><\/h4>\n<ul>\n<li><span style=\"font-weight: 400;\">Thomas Cote de Soux (M1) : Sociologie des masculinit\u00e9s d\u00e9viantes au Proche Orient<\/span><\/li>\n<li>Lila Evrard (M1, codir) : L&rsquo;agentivit\u00e9 des patientes en psychiatrie<\/li>\n<li>Claire Jeandidier (M1, codir.) : Les amiti\u00e9s f\u00e9minines au XIXe et d\u00e9but XXe si\u00e8cles<\/li>\n<li><span style=\"font-weight: 400;\">Carla Lainez (Dipl\u00f4me) : Ethnographier le travail sexuel en contexte<\/span><\/li>\n<li><span style=\"font-weight: 400;\">Alysa Maksimova (M2) : Sociologie des communaut\u00e9s poly-amoureuses<\/span><\/li>\n<li>Anthony Minassian (M2) : Questionner la r\u00e9ception des films LGBT par un public LGBT.<\/li>\n<li>Lola Rodrigues (APD) : Ann\u00e9e pr\u00e9paratoire au doctorat<\/li>\n<li><span style=\"font-weight: 400;\">Laurence Rudeau (Dipl\u00f4me) : Histoire des Maisons de tol\u00e9rance et prostitution en Seine et Marne au XIXe si\u00e8cle<\/span><\/li>\n<li><span style=\"font-weight: 400;\">Violette Sa\u00efag (M2) : Appr\u00e9hender la Litt\u00e9rature lesbienne \u00e0 la Belle \u00e9poque au moyen des Humanit\u00e9s num\u00e9riques\u00a0<\/span>(=&gt; Doctorat ENS)<\/li>\n<li><span style=\"font-weight: 400;\">Quentin Trichard (M2) : Les sexualit\u00e9s entre hommes en r\u00e9gime h\u00e9t\u00e9rosexuel au prisme de la justice p\u00e9nale (Loire-Inf\u00e9rieure, 1918-1968) (=&gt; sp\u00e9cialisation Archives P8 =&gt; Contrat doctoral Paris 1)<\/span><\/li>\n<\/ul>\n<h4>2022-23<\/h4>\n<ul>\n<li>Antoine Chambon\u00a0(M1 SMQS) :\u00a0Normes m\u00e9dicales et normes de genre dans les carri\u00e8res \u00e9motionnelles et corporelles (co-dir avec Michal Raz)<\/li>\n<li>Igor Chervinskii (M2) : Sociologie du militantisme LGBT international (=&gt; Contrat doctoral suisse)<\/li>\n<li>Vanda Peixoto-Charles\u00a0(M1) :\u00a0Le militantisme intersexe<\/li>\n<li>Samuel-Anthony Plumasseau\u00a0(M1)\u00a0: Trajectoires de sans domicile \u00e0 Paris au prisme du genre et de l\u2019orientation sexuelle<span class=\"Apple-converted-space\">\u00a0<\/span><\/li>\n<li>Violette Saiag (M2 EDC) : Litt\u00e9rature lesbienne et Humanit\u00e9s num\u00e9riques<\/li>\n<li>Quentin Trichard\u00a0(M1) :\u00a0Micro-histoire de l\u2019homosexualit\u00e9 masculine dans les Pays de la Loire<\/li>\n<\/ul>\n<h4>2021-22<\/h4>\n<ul>\n<li>Lina Jamel (M2) : Sociologie de l&rsquo;\u00e9dition<\/li>\n<li>Violette Sa\u00efag (M1 EDC HN) : Repr\u00e9sentations de la f\u00e9minit\u00e9 dans la litt\u00e9rature lesbienne du Paris fin de si\u00e8cle (co-dir avec F. Cafiero, M. Puren).<\/li>\n<\/ul>\n<h4>2020-21<\/h4>\n<ul>\n<li>Luca de Cristofaro (M2 Euroculture) : <em>The\u00a0\u00ab\u00a0support\u00a0\u00bb of the European Union to the LGBT+ community<\/em><\/li>\n<li>Victor Laby (M2) :<em>\u00a0Communisme et homosexualit\u00e9<\/em><\/li>\n<li>Rapha\u00ebl Pernoud (M2) : <em>Les Germano-russes en Allemagne<\/em><\/li>\n<\/ul>\n<h4>2019-20<\/h4>\n<ul>\n<li>In\u00e8s Liotard (M2) : <em>La Fabrique. Socio-histoire d\u2019une maison d\u2019\u00e9ditions\u00a0<\/em>(=&gt; Doctorat sous la direction de Gis\u00e8le Sapiro)<\/li>\n<li>Miliausha Minnikhanova (M2) : <em>L\u2019accueil des r\u00e9fugi\u00e9.e.s Russes en France<\/em><\/li>\n<li>Rapha\u00ebl Pernoud (M1) : <em>Les Germano-russes de Pforzheim<\/em><\/li>\n<li>Thierry Pijulet (M2) <em>: Comment devenir Mr Bear ?\u00a0<\/em>(=&gt; Doctorat sous la direction de Philippe Liotard)<\/li>\n<\/ul>\n<h4>2018-19<\/h4>\n<ul>\n<li>Nathalie Biache (M2) :\u00a0<i>Etude et analyse du journal personnel d\u2019Emma Hunzinger <\/i><\/li>\n<li>Sophie Lespiaux (M2) : <em>Le Schwules Museum de Berlin, biblioth\u00e8que, centre d&rsquo;archives et mus\u00e9e\u00a0<\/em>(=&gt; Doctorat sous la direction de Patrick Farges)<\/li>\n<li>In\u00e8s Liotard (M1) :\u00a0<em>La sc\u00e8ne LGBTQ+ techno \u00e0 Paris et Berlin<\/em><\/li>\n<li>Miliausha Minnikhanova (CUF) :\u00a0<em>Les associations LGBT moscovites<\/em><\/li>\n<li>Roberto Molina Martinez (M2) :\u00a0<em>L&rsquo;encadrement des jeunesses d\u00e9viantes sous le franquisme<\/em><\/li>\n<li>Thierry Pijulet (M1) :\u00a0<em>Les masculinit\u00e9s dans les sports de combat<\/em><\/li>\n<li>No\u00e9mie Grunenwald (Dipl\u00f4me) :\u00a0<em>La traductologie f\u00e9ministe \u00a0<\/em><\/li>\n<\/ul>\n<h4>2017-18<\/h4>\n<ul>\n<li>Franck Bouchetal (M2) :\u00a0<em>Les demandeurs\u00a0d&rsquo;asile HSH d&rsquo;Afrique\u00a0<\/em><i>subsaharienne, donn\u00e9es qualitatives et quantitatives <\/i>(=&gt; doctorat sous ma direction)<\/li>\n<li>Victor Laby (Dipl\u00f4me) : <em>Le Parti communiste fran\u00e7ais et la question de l&rsquo;homosexualit\u00e9<\/em><\/li>\n<li>Sophie Lespiaux (M1) : <em>Lieu de m\u00e9moire et centre d&rsquo;archives, le Schwules Museum de Berlin<\/em><\/li>\n<li>Roberto Molina Martinez (M1) : <em>Homosexuel-le-s durant le franquisme\u00a0<\/em><span style=\"color: #a9a17a; font-family: 'Times New Roman, Times, serif'; font-size: 1.295em;\">\u00a0<\/span><\/li>\n<li>Loreto Quiroga (M2) : <em>Le syndicat des travailleuses du sexe d&rsquo;Am\u00e9rique latine<\/em><\/li>\n<li>Patrick Tchamba (M2 Cnam) : Ethnographie du PASST<\/li>\n<\/ul>\n<h4>2016-17<\/h4>\n<ul>\n<li>Gregory Beshara (M2) : <em>Diplomatie br\u00e9silienne et orientation sexuelle<\/em><\/li>\n<li>Franck Bouchetal (M1, Cnam) : <em>Enqu\u00eate sur les demandeurs d&rsquo;asile homosexuels originaires d&rsquo;Afrique subsaharienne<\/em><\/li>\n<li>Adel Cornet (M2) : <em>Les UEEH<\/em>, lieu de m<em>\u00e9moire des homosexualit\u00e9s<\/em><\/li>\n<li>Alex Dufour (M2) : <em>Les mobilisations contre les violences gyn\u00e9cologiques<\/em><\/li>\n<li>Loreto Quiroga (M1) : <em>Droit et p\u00e9nalisation des comportements sexuels d\u00e9viants au Chili<\/em><\/li>\n<li>Brenda Ngum Masanga (M2) : <em>Les HSH au Cameroun <\/em>(=&gt; doctorat sous la direction de Christophe Broqua &amp; Catherine Deschamps)<\/li>\n<li>Elsa Pag\u00e8s (M1) : <em>Les espaces queers \u00e0 Paris<\/em><\/li>\n<\/ul>\n<h4>2015-16<\/h4>\n<ul>\n<li>Betty Carle (M2)\u00a0:\u00a0<em>Le corps des femmes en prison<\/em><\/li>\n<li>Alexandra Dufour (Dipl\u00f4me):\u00a0<em>Luttes et revendications du mouvement intersexe<\/em><\/li>\n<li>Kevin Gallet (M1)\u00a0:\u00a0<em>L\u2019exclusion des \u00ab\u00a0homosexuels\u00a0\u00bb du don du sang\u00a0<\/em><\/li>\n<li>Marine Gilis (M2)\u00a0:\u00a0<em>Les \u00ab\u00a0Archiveuses\u00a0\u00bb \u00a0<\/em>(=&gt; doctorat sous la direction de Christine Bard)<\/li>\n<li>Tim Madesclaire\u00a0(M2) :\u00a0<em>Le programme de pr\u00e9vention des IST \u00ab\u00a0Prends moi\u00a0\u00bb<\/em><\/li>\n<li>Marcelio Aur\u00e9lio Peres da Silva (M2)\u00a0:\u00a0<em>Le Schwules Museum de Berlin<\/em><\/li>\n<\/ul>\n<h4>2014-15<\/h4>\n<h4><img decoding=\"async\" loading=\"lazy\" class=\"size-medium wp-image-133 alignright\" src=\"https:\/\/regis-schlagdenhauffen.eu\/wp-content\/uploads\/2016\/07\/Capture-d\u2019\u00e9cran-2016-07-25-\u00e0-17.45.00-217x300.png\" alt=\"Capture d\u2019\u00e9cran 2016-07-25 \u00e0 17.45.00\" width=\"217\" height=\"300\" srcset=\"https:\/\/regis-schlagdenhauffen.eu\/wp-content\/uploads\/2016\/07\/Capture-d\u2019\u00e9cran-2016-07-25-\u00e0-17.45.00-217x300.png 217w, https:\/\/regis-schlagdenhauffen.eu\/wp-content\/uploads\/2016\/07\/Capture-d\u2019\u00e9cran-2016-07-25-\u00e0-17.45.00-109x150.png 109w, https:\/\/regis-schlagdenhauffen.eu\/wp-content\/uploads\/2016\/07\/Capture-d\u2019\u00e9cran-2016-07-25-\u00e0-17.45.00.png 407w\" sizes=\"(max-width: 217px) 100vw, 217px\" \/><\/h4>\n<ul>\n<li>Romain Zlatanovic (M2)\u00a0: Modes de relation chez les + de 50 ans\u00a0<em><br \/>\n<\/em><\/li>\n<li>Aude Bernhard (M2)\u00a0:\u00a0<em>Germaine Tillion, itin\u00e9raires en clair-obscur<\/em><\/li>\n<\/ul>\n<h4>2012-13<\/h4>\n<div class=\"page\" title=\"Page 3\">\n<div class=\"layoutArea\">\n<div class=\"column\">\n<ul>\n<li>Andrea Palasciano (M1) : Les festivals de cin\u00e9ma f\u00e9ministes \u00e0 Paris : des production culturelles? (codir. avec Baptiste Coulmont)<\/li>\n<\/ul>\n<h2><span style=\"color: #000000;\">Th\u00e8ses <\/span><span style=\"color: #000000;\">dirig\u00e9es <\/span><span style=\"color: #000000;\">et co-dirig\u00e9es<\/span><\/h2>\n<p><strong>Sherine Berzig <\/strong>(2021-) : <a href=\"https:\/\/theses.fr\/s298443\">La r\u00e9pression homosexuelle f\u00e9minine en France post-Seconde Guerre mondiale (1945-1982)<\/a><\/p>\n<p><strong>Franck Bouchetal Pellegri<\/strong> (2018-2023)\u00a0: <a href=\"https:\/\/www.theses.fr\/s219301\">Se dire homosexuel, Analyse des processus d&rsquo;identification et de construction homosexuelle de demandeurs d&rsquo;asile ouest-africains<\/a> (&gt; Th\u00e8se soutenue \u00e0 l&rsquo;EHESS le 5.12.2023)<\/p>\n<p><strong>Paola Castellan<\/strong> (2023-)\u00a0: <a href=\"https:\/\/www.theses.fr\/s374949\">La psychiatrisation de l&rsquo;homosexualit\u00e9 durant le fascisme : enqu\u00eate socio-historique sur l&rsquo;h\u00f4pital psychiatrique de Trieste (1919-45)<\/a><\/p>\n<p style=\"font-weight: 400;\"><strong>Paul Durand<\/strong> (2023-)\u00a0: <a href=\"https:\/\/www.theses.fr\/s372264\">Les masculinit\u00e9s d\u00e9viantes face aux dispositifs policiers, judiciaires et m\u00e9dicaux de contr\u00f4le des sexualit\u00e9s. Une histoire crois\u00e9e des homosexualit\u00e9s masculines de l\u2019entre deux-guerres en Allemagne, France et Italie <\/a><\/p>\n<p style=\"font-weight: 400;\"><strong>Th\u00e9o Hagenmuller<\/strong> (2023-)\u00a0: <a href=\"https:\/\/www.theses.fr\/s375989\">L\u2019\u00c9glise catholique et la crise du sida en Europe. (ann\u00e9es 1980-1990) Au croisement d\u2019\u00e9volutions contradictoires. Les cas de Bruxelles, Paris et Cologne.<\/a><\/p>\n<p><strong>Stefanie Siess<\/strong> (2019-)\u00a0: <a href=\"https:\/\/www.theses.fr\/s218262\">Repr\u00e9sentations sociales sous l&rsquo;occupation en France et en Allemagne (1940-1955): \u00a0\u00bb l&rsquo;occupation douce\u00a0\u00bb<\/a><\/p>\n<p><strong>Marton T\u00f2th<\/strong> (2024-) : Les artistes hongrois d\u00e9peignant la subculture queer parisienne durant l&rsquo;entre-deux-guerres<\/p>\n<h3><span style=\"color: #333333;\">Jurys de th\u00e8se<\/span><\/h3>\n<ul>\n<li>Brenda Ngum : <em style=\"font-size: revert;\">Construction de l&rsquo;identit\u00e9 sexuelle et de genre dans les associations de femmes trans au Cameroun\u00a0<\/em>(dir. Catherine Deschamps, Christophe Broqua, Paris-Cit\u00e9), 19.12.2924.<\/li>\n<li>\n<p id=\"thesis-title\">Zo\u00e9 de Ory: <em>Un non-d\u00e9sir qui dit son nom : enqu\u00eate sur une auto-identification \u00e9mergente, l&rsquo;asexualit\u00e9<\/em> (dir. Eva Illouz, Ir\u00e8ne Th\u00e9ry, EHESS), 20.6.2024.<\/p>\n<\/li>\n<li>Aur\u00e9lien Cadet : <em>Faire l&rsquo;\u00e9duc&rsquo;, Genre et temporalit\u00e9s de l&rsquo;autorit\u00e9<\/em> (dir. Marc Bessin, Isabelle Coutant, EHESS), 12.12.2024<\/li>\n<li><span style=\"font-weight: 400;\">Paul Forigua Cruz : <\/span><i><span style=\"font-weight: 400;\">Entre genres et patries : la participation v\u00e9n\u00e9zu\u00e9liennes dans le concours de Miss gay Internacional by Theatron<\/span><\/i><span style=\"font-weight: 400;\">\u00a0(dir. Anne Monjaret, EHESS), 2022.<\/span><\/li>\n<li>Mathias Qu\u00e9r\u00e9 : <em>Quand nos d\u00e9sirs font d\u00e9sordre. Une histoire du mouvement homosexuel fran\u00e7ais de 1974 \u00e0 1986 <\/em>(dir. Sylvie\u00a0Chaperon, Toulouse), 2022.<\/li>\n<li>Mika\u00ebl Quilliou : <em>Les mutations du genre dans l&rsquo;action sociale <\/em>(dir. Marcel Jaeger, Cnam), 13.1.2021.<\/li>\n<li>C\u00e9cile Thom\u00e9 :\u00a0<em>La sexualit\u00e9 aux temps de la contraception. Genre, d\u00e9sir et plaisir dans les rapports h\u00e9t\u00e9rosexuels <\/em>(dir. Michel Bozon, Ined), 18.11.2019.<\/li>\n<\/ul>\n<h3><span style=\"color: #333333;\">Comit\u00e9s de suivi de th\u00e8se<\/span><\/h3>\n<p>2025 : Victor Laby (dir. Judith Lyon Caen, EHESS), <span style=\"font-weight: 400;\">In\u00e8s Liotard (dir. Gis\u00e8le Sapiro, EHESS), Emeric Friedmann (dir. J\u00e9r\u00f4me Beauchez, Strasbourg).<\/span><\/p>\n<p>2024 : <span style=\"font-weight: 400;\">In\u00e8s Liotard (dir. Gis\u00e8le Sapiro, EHESS), Lorgan S. Lespiaux (dir. Patrick Farges, UPC), Emeric Friedmann (dir. J\u00e9r\u00f4me Beauchez, Strasbourg).<\/span><\/p>\n<p><span style=\"font-weight: 400;\">2023 : In\u00e8s Liotard (dir. Gis\u00e8le Sapiro, EHESS), Sophie Lespiaux (dir. Patrick Farges, UPC), Zo\u00e9 de Ory (dir. Eva Illouz, Ir\u00e8ne Th\u00e9ry, EHESS), Emeric Friedmann (dir. J\u00e9r\u00f4me Beauchez, Strasbourg), Sherine Berzig (R\u00e9gine Perron, Cergy), Estelle Fisson (Sophie Beroud, Lyon 2).\u00a0<\/span><\/p>\n<p><span style=\"font-weight: 400;\">2022 : Sophie Lespiaux (dir. Patrick Farges, UPC), Samuel Dolbeau (dir. C\u00e9line B\u00e9raud, EHESS), Zo\u00e9 de Ory (dir. Eva Illouz, Ir\u00e8ne Th\u00e9ry, EHESS)<\/span><\/p>\n<p><span style=\"font-weight: 400;\">2021 : Marine Gilis (dir. Christine Bard, Angers), Samuel Dolbeau (dir. C\u00e9line B\u00e9raud, EHESS), Zo\u00e9 de Ory (dir. Eva Illouz, Ir\u00e8ne Th\u00e9ry, EHESS)<\/span><\/p>\n<p><span style=\"font-weight: 400;\">2020 : Zo\u00e9 de Ory (dir. Eva Illouz, Ir\u00e8ne Th\u00e9ry, EHESS), Marine Gilis (dir. Christine Bard, Univ. d\u2019Angers)<\/span><\/p>\n<p><span style=\"font-weight: 400;\">2019 : Renaud Chantraine (dir. V\u00e9ronique Moulini\u00e9, EHESS), 2019 : Marine Gilis (dir. Christine Bard, Univ. d\u2019Angers), 2019 : Samuel Dolbeau (dir. C\u00e9line B\u00e9raud, EHESS), Marion Gilbert (dir. Alain Delissen, EHESS)\u00a0<\/span><\/p>\n<p><span style=\"font-weight: 400;\">2018: Renaud Chantraine (dir. V\u00e9ronique Moulini\u00e9, EHESS) <\/span><\/p>\n<h3><span style=\"color: #333333;\">Jurys de m\u00e9moires de Master<\/span><\/h3>\n<p><span style=\"font-weight: 400;\">Eleanore Delano\u00eb (Politique de l\u2019inclusivit\u00e9 au GLUP : Enjeux de genre et de sexualit\u00e9 dans une association LGBT \u00e9tudiante)\u00a0<\/span><\/p>\n<p><span style=\"font-weight: 400;\">Alice Hall\u00e9 (Sociologie du monde hippique, dir. B\u00e9n\u00e9dicte Zimmermann)<\/span><\/p>\n<p><span style=\"font-weight: 400;\">Morgane Lebret (<\/span><i><span style=\"font-weight: 400;\">Trajectoires lesbiennes : Processus de subjectivation et exp\u00e9riences d\u2019affirmation dans la sph\u00e8re familiale<\/span><\/i><span style=\"font-weight: 400;\">, dir. Camille Masclet &amp; Natacha Chetcutti)<\/span><\/p>\n<p><span style=\"font-weight: 400;\">Noemi Martorano (Emergence, organisation et r\u00f4le des groupes de soutien aux demandeur-se-s d\u2019asile LGBTI en Italie)\u00a0<\/span><\/p>\n<p><span style=\"font-weight: 400;\">Ana\u00efs Martin (Aux confins de la parent\u00e9, le don d\u2019engendrement vu par les personnes qui en sont issues)<\/span><\/p>\n<p><span style=\"font-weight: 400;\">Catherine Milon (Normes sexuelles et subjectivation chez les jeunes pentec\u00f4tistes)\u00a0<\/span><\/p>\n<p><span style=\"font-weight: 400;\">Stephanie Peyr\u00e9 (Des freins au changement dans l\u2019institution militaire : La perspective du genre, laiss\u00e9e pour compte des op\u00e9rations)\u00a0<\/span><\/p>\n<p><span style=\"font-weight: 400;\">Quentin Zimmermann (Les Archives LGBTQI)\u00a0<\/span><\/p>\n<p><br style=\"font-weight: 400;\" \/><br style=\"font-weight: 400;\" \/><\/p>\n<\/div>\n<\/div>\n<\/div>\n","protected":false},"excerpt":{"rendered":"<p>J&rsquo;encadre des post-docs, th\u00e8ses de doctorat ainsi que des m\u00e9moires de Master et Dipl\u00f4mes de l&rsquo;EHESS dans les mentions suivantes : sociologie, histoire, genre. Les travaux que j&rsquo;encadre sont g\u00e9n\u00e9ralement en lien avec mes int\u00e9r\u00eats scientifiques (sexualit\u00e9 : homosexualit\u00e9, h\u00e9t\u00e9rosexualit\u00e9, intersexualit\u00e9, mouvement LGBTI ; histoire et m\u00e9moire collective de l&rsquo;univers\u2026<\/p>\n<p class=\"continue-reading-button\"> <a class=\"continue-reading-link\" href=\"https:\/\/regis-schlagdenhauffen.eu\/?page_id=78\">Lire la suite&#8230;<i class=\"crycon-right-dir\"><\/i><\/a><\/p>\n","protected":false},"author":1,"featured_media":0,"parent":32,"menu_order":0,"comment_status":"closed","ping_status":"closed","template":"","meta":[],"_links":{"self":[{"href":"https:\/\/regis-schlagdenhauffen.eu\/index.php?rest_route=\/wp\/v2\/pages\/78"}],"collection":[{"href":"https:\/\/regis-schlagdenhauffen.eu\/index.php?rest_route=\/wp\/v2\/pages"}],"about":[{"href":"https:\/\/regis-schlagdenhauffen.eu\/index.php?rest_route=\/wp\/v2\/types\/page"}],"author":[{"embeddable":true,"href":"https:\/\/regis-schlagdenhauffen.eu\/index.php?rest_route=\/wp\/v2\/users\/1"}],"replies":[{"embeddable":true,"href":"https:\/\/regis-schlagdenhauffen.eu\/index.php?rest_route=%2Fwp%2Fv2%2Fcomments&post=78"}],"version-history":[{"count":57,"href":"https:\/\/regis-schlagdenhauffen.eu\/index.php?rest_route=\/wp\/v2\/pages\/78\/revisions"}],"predecessor-version":[{"id":1417,"href":"https:\/\/regis-schlagdenhauffen.eu\/index.php?rest_route=\/wp\/v2\/pages\/78\/revisions\/1417"}],"up":[{"embeddable":true,"href":"https:\/\/regis-schlagdenhauffen.eu\/index.php?rest_route=\/wp\/v2\/pages\/32"}],"wp:attachment":[{"href":"https:\/\/regis-schlagdenhauffen.eu\/index.php?rest_route=%2Fwp%2Fv2%2Fmedia&parent=78"}],"curies":[{"name":"wp","href":"https:\/\/api.w.org\/{rel}","templated":true}]}}